{"id":1823,"date":"2024-03-04T13:59:48","date_gmt":"2024-03-04T12:59:48","guid":{"rendered":"https:\/\/ecocartserrao.it\/?page_id=1823"},"modified":"2024-07-30T12:41:59","modified_gmt":"2024-07-30T10:41:59","slug":"realizzazione-impianto-di-selezione-rifiuti-capacita-5-tn-h","status":"publish","type":"page","link":"https:\/\/ecocartserrao.it\/index.php\/realizzazione-impianto-di-selezione-rifiuti-capacita-5-tn-h\/","title":{"rendered":"Realizzazione Impianto di Selezione Rifiuti Capacit\u00e0 5 tn\/h"},"content":{"rendered":"<p><div class=\"fusion-fullwidth fullwidth-box fusion-builder-row-1 fusion-flex-container has-pattern-background has-mask-background nonhundred-percent-fullwidth non-hundred-percent-height-scrolling\" style=\"--awb-border-radius-top-left:0px;--awb-border-radius-top-right:0px;--awb-border-radius-bottom-right:0px;--awb-border-radius-bottom-left:0px;--awb-flex-wrap:wrap;\" ><div class=\"fusion-builder-row fusion-row fusion-flex-align-items-flex-start fusion-flex-content-wrap\" style=\"max-width:1216.8px;margin-left: calc(-4% \/ 2 );margin-right: calc(-4% \/ 2 );\"><div class=\"fusion-layout-column fusion_builder_column fusion-builder-column-0 fusion_builder_column_1_1 1_1 fusion-flex-column\" style=\"--awb-bg-size:cover;--awb-width-large:100%;--awb-margin-top-large:0px;--awb-spacing-right-large:1.92%;--awb-margin-bottom-large:0px;--awb-spacing-left-large:1.92%;--awb-width-medium:100%;--awb-order-medium:0;--awb-spacing-right-medium:1.92%;--awb-spacing-left-medium:1.92%;--awb-width-small:100%;--awb-order-small:0;--awb-spacing-right-small:1.92%;--awb-spacing-left-small:1.92%;\"><div class=\"fusion-column-wrapper fusion-column-has-shadow fusion-flex-justify-content-flex-start fusion-content-layout-column\"><div class=\"fusion-image-element \" style=\"--awb-caption-title-font-family:var(--h2_typography-font-family);--awb-caption-title-font-weight:var(--h2_typography-font-weight);--awb-caption-title-font-style:var(--h2_typography-font-style);--awb-caption-title-size:var(--h2_typography-font-size);--awb-caption-title-transform:var(--h2_typography-text-transform);--awb-caption-title-line-height:var(--h2_typography-line-height);--awb-caption-title-letter-spacing:var(--h2_typography-letter-spacing);\"><span class=\" fusion-imageframe imageframe-none imageframe-1 hover-type-none\"><img decoding=\"async\" width=\"3000\" height=\"2250\" title=\"ecocart TARGA PERMANENTE aggiornata\" src=\"https:\/\/ecocartserrao.it\/wp-content\/uploads\/2024\/07\/ecocart-TARGA-PERMANENTE-aggiornata.png\" data-orig-src=\"https:\/\/ecocartserrao.it\/wp-content\/uploads\/2024\/07\/ecocart-TARGA-PERMANENTE-aggiornata.png\" alt class=\"lazyload img-responsive wp-image-1855\" srcset=\"data:image\/svg+xml,%3Csvg%20xmlns%3D%27http%3A%2F%2Fwww.w3.org%2F2000%2Fsvg%27%20width%3D%273000%27%20height%3D%272250%27%20viewBox%3D%270%200%203000%202250%27%3E%3Crect%20width%3D%273000%27%20height%3D%272250%27%20fill-opacity%3D%220%22%2F%3E%3C%2Fsvg%3E\" data-srcset=\"https:\/\/ecocartserrao.it\/wp-content\/uploads\/2024\/07\/ecocart-TARGA-PERMANENTE-aggiornata-200x150.png 200w, https:\/\/ecocartserrao.it\/wp-content\/uploads\/2024\/07\/ecocart-TARGA-PERMANENTE-aggiornata-400x300.png 400w, https:\/\/ecocartserrao.it\/wp-content\/uploads\/2024\/07\/ecocart-TARGA-PERMANENTE-aggiornata-600x450.png 600w, https:\/\/ecocartserrao.it\/wp-content\/uploads\/2024\/07\/ecocart-TARGA-PERMANENTE-aggiornata-800x600.png 800w, https:\/\/ecocartserrao.it\/wp-content\/uploads\/2024\/07\/ecocart-TARGA-PERMANENTE-aggiornata-1200x900.png 1200w, https:\/\/ecocartserrao.it\/wp-content\/uploads\/2024\/07\/ecocart-TARGA-PERMANENTE-aggiornata.png 3000w\" data-sizes=\"auto\" data-orig-sizes=\"(max-width: 1024px) 100vw, (max-width: 640px) 100vw, 1200px\" \/><\/span><\/div><\/div><\/div><\/div><\/div><div class=\"fusion-fullwidth fullwidth-box fusion-builder-row-2 fusion-flex-container has-pattern-background has-mask-background nonhundred-percent-fullwidth non-hundred-percent-height-scrolling\" style=\"--awb-border-radius-top-left:0px;--awb-border-radius-top-right:0px;--awb-border-radius-bottom-right:0px;--awb-border-radius-bottom-left:0px;--awb-padding-top:50px;--awb-flex-wrap:wrap;\" ><div class=\"fusion-builder-row fusion-row fusion-flex-align-items-flex-start fusion-flex-content-wrap\" style=\"max-width:1216.8px;margin-left: calc(-4% \/ 2 );margin-right: calc(-4% \/ 2 );\"><div class=\"fusion-layout-column fusion_builder_column fusion-builder-column-1 fusion_builder_column_1_1 1_1 fusion-flex-column\" style=\"--awb-bg-size:cover;--awb-width-large:100%;--awb-margin-top-large:0px;--awb-spacing-right-large:1.92%;--awb-margin-bottom-large:0px;--awb-spacing-left-large:1.92%;--awb-width-medium:100%;--awb-order-medium:0;--awb-spacing-right-medium:1.92%;--awb-spacing-left-medium:1.92%;--awb-width-small:100%;--awb-order-small:0;--awb-spacing-right-small:1.92%;--awb-spacing-left-small:1.92%;\"><div class=\"fusion-column-wrapper fusion-column-has-shadow fusion-flex-justify-content-flex-start fusion-content-layout-column\"><div class=\"fusion-title title fusion-title-1 fusion-sep-none fusion-title-text fusion-title-size-one\" style=\"--awb-text-color:#000000;--awb-margin-top-small:0px;--awb-margin-right-small:0px;--awb-margin-bottom-small:20px;--awb-margin-left-small:0px;--awb-font-size:24px;\"><h1 class=\"fusion-title-heading title-heading-left\" style=\"margin:0;font-size:1em;\">Domanda MI3-S2_00000539&nbsp; &#8211; Intervento agevolativo Nuovo Bando Macchinari Innovativi di cui al Decreto Ministeriale 30 Ottobre 2019<\/h1><\/div><div class=\"fusion-text fusion-text-1\"><p><span style=\"color: #000000;\">Con decreto di concessione n. 0000141 del 26\/01\/2022 \u00e8 stata concessa alla Ecocart Srl un&#8217;agevolazione &#8211; Priorit\u00e0 di investimento 13i _ Azione 3.1.1 del Programma Operativo Nazionale Imprese e Competitivit\u00e0 2014-2020 FESR &#8211; Finanziamento nell&#8217;ambito della risposta dell&#8217;Unione Europea alla pandemia Covid 19 &#8211; Id domanda MI3-S2_00000539 &#8211; COR n. 8063933 &#8211; CUP n. B79J21036360004.<\/span><br \/>\n<span style=\"color: #000000;\">Link sito: <u><a style=\"color: #000000;\" href=\"https:\/\/www.rna.gov.it\/sites\/PortaleRNA\/it_IT\/home\">https:\/\/www.rna.gov.it<\/a><\/u><\/span><\/p>\n<p><span style=\"color: #000000;\"><b>FINALITA&#8217;<\/b>: acquisto di una nuova linea di produzione ad alta tecnologia per il trattamento e la lavorazione dei rifiuti non pericolosi. La linea di produzione completamente automatizzata ed interconnessa ai sistema aziendali di programmazione e controllo, potr\u00e0 utilizzare, in funzione dell&#8217;elevata tecnologia dell&#8217;impianto a progetto, le tecnologie abilitanti afferenti il piano Industria 4.0 con l&#8217;obiettivo di migliorare la selezione dei materiali ed ottenere un prodotto con un grado di impurit\u00e0 molto ridotto, con un recupero e quindi avvio al riciclo di quantit\u00e0 di materiali pi\u00f9 elevata.<\/span><br \/>\n<span style=\"color: #000000;\">Link sito: <u><a style=\"color: #000000;\" href=\"https:\/\/www.mimit.gov.it\/it\/\">https:\/\/www.mise.gov.it<\/a><\/u><\/span><\/p>\n<\/div><\/div><\/div><\/div><\/div><\/p>\n","protected":false},"excerpt":{"rendered":"","protected":false},"author":1,"featured_media":0,"parent":0,"menu_order":0,"comment_status":"closed","ping_status":"closed","template":"","meta":{"footnotes":""},"class_list":["post-1823","page","type-page","status-publish","hentry"],"_links":{"self":[{"href":"https:\/\/ecocartserrao.it\/index.php\/wp-json\/wp\/v2\/pages\/1823","targetHints":{"allow":["GET"]}}],"collection":[{"href":"https:\/\/ecocartserrao.it\/index.php\/wp-json\/wp\/v2\/pages"}],"about":[{"href":"https:\/\/ecocartserrao.it\/index.php\/wp-json\/wp\/v2\/types\/page"}],"author":[{"embeddable":true,"href":"https:\/\/ecocartserrao.it\/index.php\/wp-json\/wp\/v2\/users\/1"}],"replies":[{"embeddable":true,"href":"https:\/\/ecocartserrao.it\/index.php\/wp-json\/wp\/v2\/comments?post=1823"}],"version-history":[{"count":5,"href":"https:\/\/ecocartserrao.it\/index.php\/wp-json\/wp\/v2\/pages\/1823\/revisions"}],"predecessor-version":[{"id":1856,"href":"https:\/\/ecocartserrao.it\/index.php\/wp-json\/wp\/v2\/pages\/1823\/revisions\/1856"}],"wp:attachment":[{"href":"https:\/\/ecocartserrao.it\/index.php\/wp-json\/wp\/v2\/media?parent=1823"}],"curies":[{"name":"wp","href":"https:\/\/api.w.org\/{rel}","templated":true}]}}